{"id":34,"date":"2012-11-02T23:38:40","date_gmt":"2012-11-02T22:38:40","guid":{"rendered":"http:\/\/www.lestitisdelovalie.fr\/?page_id=34"},"modified":"2022-06-13T12:17:28","modified_gmt":"2022-06-13T11:17:28","slug":"deplacements","status":"publish","type":"page","link":"https:\/\/www.lestitisdelovalie.fr\/?page_id=34","title":{"rendered":"D\u00e9placements"},"content":{"rendered":"<p style=\"text-align: justify;\">L\u2019association des Titis de l\u2019Ovalie suit \u00e9galement le Stade Fran\u00e7ais Paris en dehors de Jean Bouin, en Top 14 ou en Coupe d&rsquo;Europe, qu&rsquo;il pleuve ou qu&rsquo;il vente, du Pays Basque jusqu&rsquo;en Irlande, en passant par l&rsquo;Italie ou la capitale des Gaules.<\/p>\n<p style=\"text-align: justify;\">En fonction des demandes, le bureau organise les d\u00e9placements en groupe ou en co-voiturage.<\/p>\n<p style=\"text-align: justify;\">Nous pouvons vous commander des places s\u00e8ches, si vous vous d\u00e9placez par vos propres moyens.<\/p>\n<p style=\"text-align: justify;\">N&rsquo;h\u00e9sitez pas \u00e0 nous contacter, et envoyez vos demandes de renseignements ou de places \u00e0 l\u2019adresse bureau.titis@gmail.com .<\/p>\n<p style=\"text-align: justify;\">Retrouvez tous nos moyens de paiement pour vos d\u00e9placements\u00a0<a href=\"https:\/\/www.lestitisdelovalie.fr\/?page_id=177\">ici<\/a>.<\/p>\n<figure id=\"attachment_1202\" aria-describedby=\"caption-attachment-1202\" style=\"width: 150px\" class=\"wp-caption aligncenter\"><a href=\"https:\/\/www.lestitisdelovalie.fr\/titiovalie\/wp-content\/uploads\/LEICESTER-1301116.jpg\"><img loading=\"lazy\" decoding=\"async\" class=\"wp-image-1202 size-thumbnail\" src=\"https:\/\/www.lestitisdelovalie.fr\/titiovalie\/wp-content\/uploads\/LEICESTER-1301116-150x150.jpg\" alt=\"LEICESTER 13:0:11:16\" width=\"150\" height=\"150\" srcset=\"https:\/\/www.lestitisdelovalie.fr\/titiovalie\/wp-content\/uploads\/LEICESTER-1301116-150x150.jpg 150w, https:\/\/www.lestitisdelovalie.fr\/titiovalie\/wp-content\/uploads\/LEICESTER-1301116-36x36.jpg 36w, https:\/\/www.lestitisdelovalie.fr\/titiovalie\/wp-content\/uploads\/LEICESTER-1301116-115x115.jpg 115w\" sizes=\"auto, (max-width: 150px) 100vw, 150px\" \/><\/a><figcaption id=\"caption-attachment-1202\" class=\"wp-caption-text\">Leicester<\/figcaption><\/figure>\n<figure id=\"attachment_1203\" aria-describedby=\"caption-attachment-1203\" style=\"width: 150px\" class=\"wp-caption aligncenter\"><a href=\"https:\/\/www.lestitisdelovalie.fr\/titiovalie\/wp-content\/uploads\/pique-nique-au-racing.jpg\"><img loading=\"lazy\" decoding=\"async\" class=\"wp-image-1203 size-thumbnail\" src=\"https:\/\/www.lestitisdelovalie.fr\/titiovalie\/wp-content\/uploads\/pique-nique-au-racing-150x150.jpg\" alt=\"pique-nique au racing\" width=\"150\" height=\"150\" srcset=\"https:\/\/www.lestitisdelovalie.fr\/titiovalie\/wp-content\/uploads\/pique-nique-au-racing-150x150.jpg 150w, https:\/\/www.lestitisdelovalie.fr\/titiovalie\/wp-content\/uploads\/pique-nique-au-racing-36x36.jpg 36w, https:\/\/www.lestitisdelovalie.fr\/titiovalie\/wp-content\/uploads\/pique-nique-au-racing-115x115.jpg 115w\" sizes=\"auto, (max-width: 150px) 100vw, 150px\" \/><\/a><figcaption id=\"caption-attachment-1203\" class=\"wp-caption-text\">Pique-nique d&rsquo;avant-match au Racing<\/figcaption><\/figure>\n<figure id=\"attachment_1200\" aria-describedby=\"caption-attachment-1200\" style=\"width: 150px\" class=\"wp-caption aligncenter\"><a href=\"https:\/\/www.lestitisdelovalie.fr\/titiovalie\/wp-content\/uploads\/11146295_910464389017132_463301656075678557_n.jpg\"><img loading=\"lazy\" decoding=\"async\" class=\"wp-image-1200 size-thumbnail\" src=\"https:\/\/www.lestitisdelovalie.fr\/titiovalie\/wp-content\/uploads\/11146295_910464389017132_463301656075678557_n-150x150.jpg\" alt=\"11146295_910464389017132_463301656075678557_n\" width=\"150\" height=\"150\" srcset=\"https:\/\/www.lestitisdelovalie.fr\/titiovalie\/wp-content\/uploads\/11146295_910464389017132_463301656075678557_n-150x150.jpg 150w, https:\/\/www.lestitisdelovalie.fr\/titiovalie\/wp-content\/uploads\/11146295_910464389017132_463301656075678557_n-36x36.jpg 36w, https:\/\/www.lestitisdelovalie.fr\/titiovalie\/wp-content\/uploads\/11146295_910464389017132_463301656075678557_n-115x115.jpg 115w\" sizes=\"auto, (max-width: 150px) 100vw, 150px\" \/><\/a><figcaption id=\"caption-attachment-1200\" class=\"wp-caption-text\">La Rochelle<\/figcaption><\/figure>\n<figure id=\"attachment_1201\" aria-describedby=\"caption-attachment-1201\" style=\"width: 150px\" class=\"wp-caption aligncenter\"><a href=\"https:\/\/www.lestitisdelovalie.fr\/titiovalie\/wp-content\/uploads\/AGEN-2016.jpg\"><img loading=\"lazy\" decoding=\"async\" class=\"wp-image-1201 size-thumbnail\" src=\"https:\/\/www.lestitisdelovalie.fr\/titiovalie\/wp-content\/uploads\/AGEN-2016-150x150.jpg\" alt=\"AGEN 2016\" width=\"150\" height=\"150\" srcset=\"https:\/\/www.lestitisdelovalie.fr\/titiovalie\/wp-content\/uploads\/AGEN-2016-150x150.jpg 150w, https:\/\/www.lestitisdelovalie.fr\/titiovalie\/wp-content\/uploads\/AGEN-2016-300x300.jpg 300w, https:\/\/www.lestitisdelovalie.fr\/titiovalie\/wp-content\/uploads\/AGEN-2016-36x36.jpg 36w, https:\/\/www.lestitisdelovalie.fr\/titiovalie\/wp-content\/uploads\/AGEN-2016-115x115.jpg 115w, https:\/\/www.lestitisdelovalie.fr\/titiovalie\/wp-content\/uploads\/AGEN-2016.jpg 480w\" sizes=\"auto, (max-width: 150px) 100vw, 150px\" \/><\/a><figcaption id=\"caption-attachment-1201\" class=\"wp-caption-text\">Agen<\/figcaption><\/figure>\n<figure id=\"attachment_1185\" aria-describedby=\"caption-attachment-1185\" style=\"width: 150px\" class=\"wp-caption aligncenter\"><a href=\"https:\/\/www.lestitisdelovalie.fr\/titiovalie\/wp-content\/uploads\/nice-toulonsf.jpg\"><img loading=\"lazy\" decoding=\"async\" class=\"size-thumbnail wp-image-1185\" src=\"https:\/\/www.lestitisdelovalie.fr\/titiovalie\/wp-content\/uploads\/nice-toulonsf-150x150.jpg\" alt=\"Nice - Toulon\" width=\"150\" height=\"150\" srcset=\"https:\/\/www.lestitisdelovalie.fr\/titiovalie\/wp-content\/uploads\/nice-toulonsf-150x150.jpg 150w, https:\/\/www.lestitisdelovalie.fr\/titiovalie\/wp-content\/uploads\/nice-toulonsf-36x36.jpg 36w, https:\/\/www.lestitisdelovalie.fr\/titiovalie\/wp-content\/uploads\/nice-toulonsf-115x115.jpg 115w\" sizes=\"auto, (max-width: 150px) 100vw, 150px\" \/><\/a><figcaption id=\"caption-attachment-1185\" class=\"wp-caption-text\">Nice &#8211; Toulon<\/figcaption><\/figure>\n<figure id=\"attachment_1186\" aria-describedby=\"caption-attachment-1186\" style=\"width: 150px\" class=\"wp-caption aligncenter\"><a href=\"https:\/\/www.lestitisdelovalie.fr\/titiovalie\/wp-content\/uploads\/OYOYO-AMICALE-2014.jpg\"><img loading=\"lazy\" decoding=\"async\" class=\"size-thumbnail wp-image-1186\" src=\"https:\/\/www.lestitisdelovalie.fr\/titiovalie\/wp-content\/uploads\/OYOYO-AMICALE-2014-150x150.jpg\" alt=\"Oyonnax avec l'Amicale de l'USO.\" width=\"150\" height=\"150\" srcset=\"https:\/\/www.lestitisdelovalie.fr\/titiovalie\/wp-content\/uploads\/OYOYO-AMICALE-2014-150x150.jpg 150w, https:\/\/www.lestitisdelovalie.fr\/titiovalie\/wp-content\/uploads\/OYOYO-AMICALE-2014-300x300.jpg 300w, https:\/\/www.lestitisdelovalie.fr\/titiovalie\/wp-content\/uploads\/OYOYO-AMICALE-2014-36x36.jpg 36w, https:\/\/www.lestitisdelovalie.fr\/titiovalie\/wp-content\/uploads\/OYOYO-AMICALE-2014-115x115.jpg 115w, https:\/\/www.lestitisdelovalie.fr\/titiovalie\/wp-content\/uploads\/OYOYO-AMICALE-2014.jpg 612w\" sizes=\"auto, (max-width: 150px) 100vw, 150px\" \/><\/a><figcaption id=\"caption-attachment-1186\" class=\"wp-caption-text\">Oyonnax avec l&rsquo;Amicale de l&rsquo;USO.<\/figcaption><\/figure>\n<figure id=\"attachment_1183\" aria-describedby=\"caption-attachment-1183\" style=\"width: 150px\" class=\"wp-caption aligncenter\"><a href=\"https:\/\/www.lestitisdelovalie.fr\/titiovalie\/wp-content\/uploads\/MONTPELLIER-.jpg\"><img loading=\"lazy\" decoding=\"async\" class=\"size-thumbnail wp-image-1183\" src=\"https:\/\/www.lestitisdelovalie.fr\/titiovalie\/wp-content\/uploads\/MONTPELLIER--150x150.jpg\" alt=\"Montpellier\" width=\"150\" height=\"150\" srcset=\"https:\/\/www.lestitisdelovalie.fr\/titiovalie\/wp-content\/uploads\/MONTPELLIER--150x150.jpg 150w, https:\/\/www.lestitisdelovalie.fr\/titiovalie\/wp-content\/uploads\/MONTPELLIER--36x36.jpg 36w, https:\/\/www.lestitisdelovalie.fr\/titiovalie\/wp-content\/uploads\/MONTPELLIER--115x115.jpg 115w\" sizes=\"auto, (max-width: 150px) 100vw, 150px\" \/><\/a><figcaption id=\"caption-attachment-1183\" class=\"wp-caption-text\">Montpellier<\/figcaption><\/figure>\n<figure id=\"attachment_1180\" aria-describedby=\"caption-attachment-1180\" style=\"width: 150px\" class=\"wp-caption aligncenter\"><a href=\"https:\/\/www.lestitisdelovalie.fr\/titiovalie\/wp-content\/uploads\/LA-ROCHELLE-AVEC-LES-BAGNARDS.jpg\"><img loading=\"lazy\" decoding=\"async\" class=\"wp-image-1180 size-thumbnail\" src=\"https:\/\/www.lestitisdelovalie.fr\/titiovalie\/wp-content\/uploads\/LA-ROCHELLE-AVEC-LES-BAGNARDS-150x150.jpg\" alt=\"LA ROCHELLE AVEC LES BAGNARDS\" width=\"150\" height=\"150\" srcset=\"https:\/\/www.lestitisdelovalie.fr\/titiovalie\/wp-content\/uploads\/LA-ROCHELLE-AVEC-LES-BAGNARDS-150x150.jpg 150w, https:\/\/www.lestitisdelovalie.fr\/titiovalie\/wp-content\/uploads\/LA-ROCHELLE-AVEC-LES-BAGNARDS-36x36.jpg 36w, https:\/\/www.lestitisdelovalie.fr\/titiovalie\/wp-content\/uploads\/LA-ROCHELLE-AVEC-LES-BAGNARDS-115x115.jpg 115w\" sizes=\"auto, (max-width: 150px) 100vw, 150px\" \/><\/a><figcaption id=\"caption-attachment-1180\" class=\"wp-caption-text\">La Rochelle avec l&rsquo;Association Les Bagnards<\/figcaption><\/figure>\n<figure id=\"attachment_1187\" aria-describedby=\"caption-attachment-1187\" style=\"width: 150px\" class=\"wp-caption aligncenter\"><a href=\"https:\/\/www.lestitisdelovalie.fr\/titiovalie\/wp-content\/uploads\/Pique-nique-chez-les-wasps.jpg\"><img loading=\"lazy\" decoding=\"async\" class=\"wp-image-1187 size-thumbnail\" src=\"https:\/\/www.lestitisdelovalie.fr\/titiovalie\/wp-content\/uploads\/Pique-nique-chez-les-wasps-150x150.jpg\" alt=\"Pique nique chez les wasps\" width=\"150\" height=\"150\" srcset=\"https:\/\/www.lestitisdelovalie.fr\/titiovalie\/wp-content\/uploads\/Pique-nique-chez-les-wasps-150x150.jpg 150w, https:\/\/www.lestitisdelovalie.fr\/titiovalie\/wp-content\/uploads\/Pique-nique-chez-les-wasps-36x36.jpg 36w, https:\/\/www.lestitisdelovalie.fr\/titiovalie\/wp-content\/uploads\/Pique-nique-chez-les-wasps-115x115.jpg 115w\" sizes=\"auto, (max-width: 150px) 100vw, 150px\" \/><\/a><figcaption id=\"caption-attachment-1187\" class=\"wp-caption-text\">Pique nique chez les wasps<\/figcaption><\/figure>\n<figure id=\"attachment_1184\" aria-describedby=\"caption-attachment-1184\" style=\"width: 150px\" class=\"wp-caption aligncenter\"><a href=\"https:\/\/www.lestitisdelovalie.fr\/titiovalie\/wp-content\/uploads\/NEWPORT-2015.jpg\"><img loading=\"lazy\" decoding=\"async\" class=\"size-thumbnail wp-image-1184\" src=\"https:\/\/www.lestitisdelovalie.fr\/titiovalie\/wp-content\/uploads\/NEWPORT-2015-150x150.jpg\" alt=\"Newport\" width=\"150\" height=\"150\" srcset=\"https:\/\/www.lestitisdelovalie.fr\/titiovalie\/wp-content\/uploads\/NEWPORT-2015-150x150.jpg 150w, https:\/\/www.lestitisdelovalie.fr\/titiovalie\/wp-content\/uploads\/NEWPORT-2015-36x36.jpg 36w, https:\/\/www.lestitisdelovalie.fr\/titiovalie\/wp-content\/uploads\/NEWPORT-2015-115x115.jpg 115w\" sizes=\"auto, (max-width: 150px) 100vw, 150px\" \/><\/a><figcaption id=\"caption-attachment-1184\" class=\"wp-caption-text\">Newport<\/figcaption><\/figure>\n<figure id=\"attachment_1181\" aria-describedby=\"caption-attachment-1181\" style=\"width: 150px\" class=\"wp-caption aligncenter\"><a href=\"https:\/\/www.lestitisdelovalie.fr\/titiovalie\/wp-content\/uploads\/LES-DEUX-ALPESGRENOBLE-2013.jpg\"><img loading=\"lazy\" decoding=\"async\" class=\"wp-image-1181 size-thumbnail\" src=\"https:\/\/www.lestitisdelovalie.fr\/titiovalie\/wp-content\/uploads\/LES-DEUX-ALPESGRENOBLE-2013-150x150.jpg\" alt=\"LES DEUX ALPES:GRENOBLE 2013\" width=\"150\" height=\"150\" srcset=\"https:\/\/www.lestitisdelovalie.fr\/titiovalie\/wp-content\/uploads\/LES-DEUX-ALPESGRENOBLE-2013-150x150.jpg 150w, https:\/\/www.lestitisdelovalie.fr\/titiovalie\/wp-content\/uploads\/LES-DEUX-ALPESGRENOBLE-2013-36x36.jpg 36w, https:\/\/www.lestitisdelovalie.fr\/titiovalie\/wp-content\/uploads\/LES-DEUX-ALPESGRENOBLE-2013-115x115.jpg 115w\" sizes=\"auto, (max-width: 150px) 100vw, 150px\" \/><\/a><figcaption id=\"caption-attachment-1181\" class=\"wp-caption-text\">Les Deux Alpes (Grenoble)<\/figcaption><\/figure>\n<figure id=\"attachment_1188\" aria-describedby=\"caption-attachment-1188\" style=\"width: 150px\" class=\"wp-caption aligncenter\"><a href=\"https:\/\/www.lestitisdelovalie.fr\/titiovalie\/wp-content\/uploads\/PRATO.jpg\"><img loading=\"lazy\" decoding=\"async\" class=\"size-thumbnail wp-image-1188\" src=\"https:\/\/www.lestitisdelovalie.fr\/titiovalie\/wp-content\/uploads\/PRATO-150x150.jpg\" alt=\"Prato (Italie)\" width=\"150\" height=\"150\" srcset=\"https:\/\/www.lestitisdelovalie.fr\/titiovalie\/wp-content\/uploads\/PRATO-150x150.jpg 150w, https:\/\/www.lestitisdelovalie.fr\/titiovalie\/wp-content\/uploads\/PRATO-36x36.jpg 36w, https:\/\/www.lestitisdelovalie.fr\/titiovalie\/wp-content\/uploads\/PRATO-115x115.jpg 115w\" sizes=\"auto, (max-width: 150px) 100vw, 150px\" \/><\/a><figcaption id=\"caption-attachment-1188\" class=\"wp-caption-text\">Prato (Italie)<\/figcaption><\/figure>\n<figure id=\"attachment_1191\" aria-describedby=\"caption-attachment-1191\" style=\"width: 150px\" class=\"wp-caption aligncenter\"><a href=\"https:\/\/www.lestitisdelovalie.fr\/titiovalie\/wp-content\/uploads\/RACING-PIQUE-NIQUE-2015.jpg\"><img loading=\"lazy\" decoding=\"async\" class=\"wp-image-1191 size-thumbnail\" src=\"https:\/\/www.lestitisdelovalie.fr\/titiovalie\/wp-content\/uploads\/RACING-PIQUE-NIQUE-2015-150x150.jpg\" alt=\"RACING PIQUE NIQUE 2015\" width=\"150\" height=\"150\" srcset=\"https:\/\/www.lestitisdelovalie.fr\/titiovalie\/wp-content\/uploads\/RACING-PIQUE-NIQUE-2015-150x150.jpg 150w, https:\/\/www.lestitisdelovalie.fr\/titiovalie\/wp-content\/uploads\/RACING-PIQUE-NIQUE-2015-36x36.jpg 36w, https:\/\/www.lestitisdelovalie.fr\/titiovalie\/wp-content\/uploads\/RACING-PIQUE-NIQUE-2015-115x115.jpg 115w\" sizes=\"auto, (max-width: 150px) 100vw, 150px\" \/><\/a><figcaption id=\"caption-attachment-1191\" class=\"wp-caption-text\">Pr\u00e9paration du pique-nique au Racing avec les associations de supporters ciel et blanc.<\/figcaption><\/figure>\n<figure id=\"attachment_1192\" aria-describedby=\"caption-attachment-1192\" style=\"width: 150px\" class=\"wp-caption aligncenter\"><a href=\"https:\/\/www.lestitisdelovalie.fr\/titiovalie\/wp-content\/uploads\/toulouse.jpg\"><img loading=\"lazy\" decoding=\"async\" class=\"size-thumbnail wp-image-1192\" src=\"https:\/\/www.lestitisdelovalie.fr\/titiovalie\/wp-content\/uploads\/toulouse-150x150.jpg\" alt=\"Toulouse\" width=\"150\" height=\"150\" srcset=\"https:\/\/www.lestitisdelovalie.fr\/titiovalie\/wp-content\/uploads\/toulouse-150x150.jpg 150w, https:\/\/www.lestitisdelovalie.fr\/titiovalie\/wp-content\/uploads\/toulouse-36x36.jpg 36w, https:\/\/www.lestitisdelovalie.fr\/titiovalie\/wp-content\/uploads\/toulouse-115x115.jpg 115w\" sizes=\"auto, (max-width: 150px) 100vw, 150px\" \/><\/a><figcaption id=\"caption-attachment-1192\" class=\"wp-caption-text\">Toulouse<\/figcaption><\/figure>\n<figure id=\"attachment_1193\" aria-describedby=\"caption-attachment-1193\" style=\"width: 150px\" class=\"wp-caption aligncenter\"><a href=\"https:\/\/www.lestitisdelovalie.fr\/titiovalie\/wp-content\/uploads\/UBB-SF-2015.jpg\"><img loading=\"lazy\" decoding=\"async\" class=\"size-thumbnail wp-image-1193\" src=\"https:\/\/www.lestitisdelovalie.fr\/titiovalie\/wp-content\/uploads\/UBB-SF-2015-150x150.jpg\" alt=\"Bordeaux\" width=\"150\" height=\"150\" srcset=\"https:\/\/www.lestitisdelovalie.fr\/titiovalie\/wp-content\/uploads\/UBB-SF-2015-150x150.jpg 150w, https:\/\/www.lestitisdelovalie.fr\/titiovalie\/wp-content\/uploads\/UBB-SF-2015-36x36.jpg 36w, https:\/\/www.lestitisdelovalie.fr\/titiovalie\/wp-content\/uploads\/UBB-SF-2015-115x115.jpg 115w\" sizes=\"auto, (max-width: 150px) 100vw, 150px\" \/><\/a><figcaption id=\"caption-attachment-1193\" class=\"wp-caption-text\">Bordeaux<\/figcaption><\/figure>\n<figure id=\"attachment_1194\" aria-describedby=\"caption-attachment-1194\" style=\"width: 150px\" class=\"wp-caption aligncenter\"><a href=\"https:\/\/www.lestitisdelovalie.fr\/titiovalie\/wp-content\/uploads\/UN-PAQUITO-DANS-LE-CAR.jpg\"><img loading=\"lazy\" decoding=\"async\" class=\"size-thumbnail wp-image-1194\" src=\"https:\/\/www.lestitisdelovalie.fr\/titiovalie\/wp-content\/uploads\/UN-PAQUITO-DANS-LE-CAR-150x150.jpg\" alt=\"Un paquito dans le car !\" width=\"150\" height=\"150\" srcset=\"https:\/\/www.lestitisdelovalie.fr\/titiovalie\/wp-content\/uploads\/UN-PAQUITO-DANS-LE-CAR-150x150.jpg 150w, https:\/\/www.lestitisdelovalie.fr\/titiovalie\/wp-content\/uploads\/UN-PAQUITO-DANS-LE-CAR-36x36.jpg 36w, https:\/\/www.lestitisdelovalie.fr\/titiovalie\/wp-content\/uploads\/UN-PAQUITO-DANS-LE-CAR-115x115.jpg 115w\" sizes=\"auto, (max-width: 150px) 100vw, 150px\" \/><\/a><figcaption id=\"caption-attachment-1194\" class=\"wp-caption-text\">Un paquito dans le car !<\/figcaption><\/figure>\n<p><a href=\"https:\/\/www.lestitisdelovalie.fr\/titiovalie\/wp-content\/uploads\/540712_4990647762405_1481406824_n.jpg\"><img loading=\"lazy\" decoding=\"async\" class=\"aligncenter size-thumbnail wp-image-1195\" src=\"https:\/\/www.lestitisdelovalie.fr\/titiovalie\/wp-content\/uploads\/540712_4990647762405_1481406824_n-150x150.jpg\" alt=\"540712_4990647762405_1481406824_n\" width=\"150\" height=\"150\" srcset=\"https:\/\/www.lestitisdelovalie.fr\/titiovalie\/wp-content\/uploads\/540712_4990647762405_1481406824_n-150x150.jpg 150w, https:\/\/www.lestitisdelovalie.fr\/titiovalie\/wp-content\/uploads\/540712_4990647762405_1481406824_n-36x36.jpg 36w, https:\/\/www.lestitisdelovalie.fr\/titiovalie\/wp-content\/uploads\/540712_4990647762405_1481406824_n-115x115.jpg 115w\" sizes=\"auto, (max-width: 150px) 100vw, 150px\" \/><\/a><\/p>\n<figure id=\"attachment_1198\" aria-describedby=\"caption-attachment-1198\" style=\"width: 150px\" class=\"wp-caption aligncenter\"><a href=\"https:\/\/www.lestitisdelovalie.fr\/titiovalie\/wp-content\/uploads\/DUBLIN-2013.jpg\"><img loading=\"lazy\" decoding=\"async\" class=\"size-thumbnail wp-image-1198\" src=\"https:\/\/www.lestitisdelovalie.fr\/titiovalie\/wp-content\/uploads\/DUBLIN-2013-150x150.jpg\" alt=\"Dublin\" width=\"150\" height=\"150\" srcset=\"https:\/\/www.lestitisdelovalie.fr\/titiovalie\/wp-content\/uploads\/DUBLIN-2013-150x150.jpg 150w, https:\/\/www.lestitisdelovalie.fr\/titiovalie\/wp-content\/uploads\/DUBLIN-2013-36x36.jpg 36w, https:\/\/www.lestitisdelovalie.fr\/titiovalie\/wp-content\/uploads\/DUBLIN-2013-115x115.jpg 115w\" sizes=\"auto, (max-width: 150px) 100vw, 150px\" \/><\/a><figcaption id=\"caption-attachment-1198\" class=\"wp-caption-text\">Dublin<\/figcaption><\/figure>\n","protected":false},"excerpt":{"rendered":"<p>L\u2019association des Titis de l\u2019Ovalie suit \u00e9galement le Stade Fran\u00e7ais Paris en dehors de Jean Bouin, en Top 14 ou en Coupe d&rsquo;Europe, qu&rsquo;il pleuve ou qu&rsquo;il vente, du Pays Basque jusqu&rsquo;en Irlande, en passant par l&rsquo;Italie ou la capitale des Gaules. En fonction des demandes, le bureau organise les d\u00e9placements en groupe ou en [&hellip;]<\/p>\n","protected":false},"author":1,"featured_media":0,"parent":0,"menu_order":0,"comment_status":"closed","ping_status":"closed","template":"","meta":{"footnotes":""},"class_list":["post-34","page","type-page","status-publish","hentry"],"_links":{"self":[{"href":"https:\/\/www.lestitisdelovalie.fr\/index.php?rest_route=\/wp\/v2\/pages\/34","targetHints":{"allow":["GET"]}}],"collection":[{"href":"https:\/\/www.lestitisdelovalie.fr\/index.php?rest_route=\/wp\/v2\/pages"}],"about":[{"href":"https:\/\/www.lestitisdelovalie.fr\/index.php?rest_route=\/wp\/v2\/types\/page"}],"author":[{"embeddable":true,"href":"https:\/\/www.lestitisdelovalie.fr\/index.php?rest_route=\/wp\/v2\/users\/1"}],"replies":[{"embeddable":true,"href":"https:\/\/www.lestitisdelovalie.fr\/index.php?rest_route=%2Fwp%2Fv2%2Fcomments&post=34"}],"version-history":[{"count":17,"href":"https:\/\/www.lestitisdelovalie.fr\/index.php?rest_route=\/wp\/v2\/pages\/34\/revisions"}],"predecessor-version":[{"id":2904,"href":"https:\/\/www.lestitisdelovalie.fr\/index.php?rest_route=\/wp\/v2\/pages\/34\/revisions\/2904"}],"wp:attachment":[{"href":"https:\/\/www.lestitisdelovalie.fr\/index.php?rest_route=%2Fwp%2Fv2%2Fmedia&parent=34"}],"curies":[{"name":"wp","href":"https:\/\/api.w.org\/{rel}","templated":true}]}}